{"id":70169,"date":"2018-06-05T18:04:23","date_gmt":"2018-06-05T16:04:23","guid":{"rendered":"https:\/\/aret-engineering.com\/?page_id=70169"},"modified":"2020-05-13T11:45:17","modified_gmt":"2020-05-13T09:45:17","slug":"informativa-sulla-privacy","status":"publish","type":"page","link":"https:\/\/aret-engineering.com\/it\/informativa-sulla-privacy\/","title":{"rendered":"Informativa sulla privacy"},"content":{"rendered":"<div class=\"wpb-content-wrapper\"><p><script><\/script><script><\/script><script><\/script><script><\/script>[vc_row][vc_column][vc_column_text]<strong>INFORMATIVA <\/strong><strong>AL TRATTAMENTO DEI DATI PERSONALI<\/strong><\/p>\n<p><strong>REGOLAMENTO (UE) n. 2016\/679 DEL PARLAMENTO EUROPEO E DEL CONSIGLIO DEL 27 APRILE 2016<\/strong><\/p>\n<p>Gentile utente,<\/p>\n<p>ringraziandoLa per aver visitato il nostro sito, nelle seguenti informazioni trover\u00e0 le indicazioni utili a comprendere le finalit\u00e0 e modalit\u00e0 di trattamento dei suoi dati personali in qualit\u00e0 di visitatore nel rispetto dell\u2019articolo 13 e dell\u2019articolo 14 del Regolamento (UE) n. 2016\/679 relativo alla protezione delle persone fisiche con riguardo al trattamento dei Dati Personali, nonch\u00e9 alla libera circolazione di tali dati.<\/p>\n<p>Il titolare del trattamento \u00e8 ARET Video and\u00a0 Audio Engineering\u00a0 S.r.l., con sede operativa in Via Papa Giovanni XXIII, 30 &#8211; 20080 &#8211; Zibido San Giacomo (MI), ITALIA.<\/p>\n<p>I sistemi informatici e le procedure software preposte al funzionamento di questo sito acquisiscono, nel normale esercizio e per la sola durata della connessione, alcuni dati che vengono poi trasmessi implicitamente nell\u2019uso dei protocolli di comunicazione Internet.Tali informazioni non vengono raccolte con lo scopo di associarle agli utenti ma, per loro stessa natura, potrebbero, attraverso elaborazioni ed associazioni con dati detenuti da terzi, permettere di identificarli. Queste dati vengono cancellati poche ore dopo l\u2019elaborazione.<\/p>\n<p>Qualora collegandosi a questo sito Lei decider\u00e0, laddove previsto, di inviare i suoi dati personali (nome, cognome, e dati di contatto quali indirizzo email e cellulare) per effettuare richieste via posta elettronica, ARET\u00a0 Video and\u00a0 Audio Engineering\u00a0 S.r.l. tratter\u00e0 tali dati per rispondere alla sua richiesta in conformit\u00e0 con la presente informativa.<\/p>\n<p>I dati verranno trattati da ARET Video and\u00a0 Audio Engineering\u00a0 S.r.l. per il tempo necessario ad erogare la risposta e saranno valutati e conservati in base alle finalit\u00e0 della richiesta stessa e per gestire eventuali contestazioni.<\/p>\n<p>I suoi dati saranno trattati con il supporto di mezzi informatici e telematici e sono protetti attraverso adeguate misure di sicurezza idonee a garantirne la riservatezza e l\u2019integrit\u00e0.<\/p>\n<p>In base alle finalit\u00e0 della richiesta i suoi dati potrebbero essere comunicati a partner e fornitori che supportano ARET Video and Audio Engineering S.r.l. nell\u2019erogazione del proprio servizio.<\/p>\n<p>Essi agiranno in qualit\u00e0 di Titolari autonomi nel trattamento.<\/p>\n<p>Inoltre, i suoi dati potrebbero essere comunicati a soggetti, enti o autorit\u00e0 a cui la comunicazione dei dati sia obbligatoria per legge.<\/p>\n<p>In ogni momento Lei potr\u00e0 accedere alle informazioni che La riguardano e chiederne l&#8217;aggiornamento, la rettificazione e l&#8217;integrazione, nonch\u00e9 la cancellazione, la trasformazione in forma anonima o il blocco. Potr\u00e0 altres\u00ec opporsi in tutto o in parte al trattamento.<\/p>\n<p>Per esercitare questi e gli altri diritti di cui agli articoli 15-22 del GDPR, puoi scrivere a ARET Video and\u00a0 Audio Engineering\u00a0 S.r.l., Via Papa Giovanni XXIII, 30 \u2013 20080 Zibido San Giacomo (MI), oppure inviare una email a <a href=\"mailto:info@aret-engineering.com\">info@aret-engineering.com<\/a><\/p>\n<p>Inoltre Lei hai il diritto di rivolgerti al Garante per la protezione dei dati personali o ad altra autorit\u00e0 per proporre un reclamo in merito al trattamento dei tuoi dati personali.<\/p>\n<p>La presente informativa pu\u00f2 subire modifiche nel tempo \u2013 anche connesse all\u2019eventuale entrata in vigore di nuove normative di settore, all\u2019aggiornamento o erogazione di nuovi servizi ovvero ad intervenute innovazioni tecnologiche \u2013 per cui la invitiamo a consultare periodicamente questa pagina.<\/p>\n<p>L\u2019informativa riguarda solo questo sito e non anche altri siti web, portali, sezioni\/pagine\/spazi collegati mediante link, di titolarit\u00e0 di terzi per i quali si rimanda alle rispettive informative.<\/p>\n<p>Ultimo aggiornamento: 25 Maggio 2018[\/vc_column_text][\/vc_column][\/vc_row]  <\/p>\n<\/div>","protected":false},"excerpt":{"rendered":"<p>[vc_row][vc_column][vc_column_text]INFORMATIVA AL TRATTAMENTO DEI DATI PERSONALI REGOLAMENTO (UE) n. 2016\/679 DEL PARLAMENTO EUROPEO E DEL CONSIGLIO DEL 27 APRILE 2016 [&hellip;]<\/p>\n","protected":false},"author":2,"featured_media":0,"parent":0,"menu_order":0,"comment_status":"closed","ping_status":"closed","template":"","meta":{"_monsterinsights_skip_tracking":false,"_monsterinsights_sitenote_active":false,"_monsterinsights_sitenote_note":"","_monsterinsights_sitenote_category":0,"footnotes":""},"class_list":["post-70169","page","type-page","status-publish","hentry"],"yoast_head":"<!-- This site is optimized with the Yoast SEO plugin v24.6 - https:\/\/yoast.com\/wordpress\/plugins\/seo\/ -->\n<title>Informativa sulla privacy - ARET<\/title>\n<meta name=\"robots\" content=\"index, follow, max-snippet:-1, max-image-preview:large, max-video-preview:-1\" \/>\n<link rel=\"canonical\" href=\"https:\/\/aret-engineering.com\/it\/informativa-sulla-privacy\/\" \/>\n<meta property=\"og:locale\" content=\"it_IT\" \/>\n<meta property=\"og:type\" content=\"article\" \/>\n<meta property=\"og:title\" content=\"Informativa sulla privacy - ARET\" \/>\n<meta property=\"og:description\" content=\"[vc_row][vc_column][vc_column_text]INFORMATIVA AL TRATTAMENTO DEI DATI PERSONALI REGOLAMENTO (UE) n. 2016\/679 DEL PARLAMENTO EUROPEO E DEL CONSIGLIO DEL 27 APRILE 2016 [&hellip;]\" \/>\n<meta property=\"og:url\" content=\"https:\/\/aret-engineering.com\/it\/informativa-sulla-privacy\/\" \/>\n<meta property=\"og:site_name\" content=\"ARET\" \/>\n<meta property=\"article:modified_time\" content=\"2020-05-13T09:45:17+00:00\" \/>\n<meta name=\"twitter:card\" content=\"summary_large_image\" \/>\n<meta name=\"twitter:label1\" content=\"Tempo di lettura stimato\" \/>\n\t<meta name=\"twitter:data1\" content=\"3 minuti\" \/>\n<script type=\"application\/ld+json\" class=\"yoast-schema-graph\">{\"@context\":\"https:\/\/schema.org\",\"@graph\":[{\"@type\":\"WebPage\",\"@id\":\"https:\/\/aret-engineering.com\/it\/informativa-sulla-privacy\/\",\"url\":\"https:\/\/aret-engineering.com\/it\/informativa-sulla-privacy\/\",\"name\":\"Informativa sulla privacy - ARET\",\"isPartOf\":{\"@id\":\"https:\/\/aret-engineering.com\/#website\"},\"datePublished\":\"2018-06-05T16:04:23+00:00\",\"dateModified\":\"2020-05-13T09:45:17+00:00\",\"breadcrumb\":{\"@id\":\"https:\/\/aret-engineering.com\/it\/informativa-sulla-privacy\/#breadcrumb\"},\"inLanguage\":\"it-IT\",\"potentialAction\":[{\"@type\":\"ReadAction\",\"target\":[\"https:\/\/aret-engineering.com\/it\/informativa-sulla-privacy\/\"]}]},{\"@type\":\"BreadcrumbList\",\"@id\":\"https:\/\/aret-engineering.com\/it\/informativa-sulla-privacy\/#breadcrumb\",\"itemListElement\":[{\"@type\":\"ListItem\",\"position\":1,\"name\":\"Home\",\"item\":\"https:\/\/aret-engineering.com\/it\/\"},{\"@type\":\"ListItem\",\"position\":2,\"name\":\"Informativa sulla privacy\"}]},{\"@type\":\"WebSite\",\"@id\":\"https:\/\/aret-engineering.com\/#website\",\"url\":\"https:\/\/aret-engineering.com\/\",\"name\":\"ARET\",\"description\":\"\",\"publisher\":{\"@id\":\"https:\/\/aret-engineering.com\/#organization\"},\"potentialAction\":[{\"@type\":\"SearchAction\",\"target\":{\"@type\":\"EntryPoint\",\"urlTemplate\":\"https:\/\/aret-engineering.com\/?s={search_term_string}\"},\"query-input\":{\"@type\":\"PropertyValueSpecification\",\"valueRequired\":true,\"valueName\":\"search_term_string\"}}],\"inLanguage\":\"it-IT\"},{\"@type\":\"Organization\",\"@id\":\"https:\/\/aret-engineering.com\/#organization\",\"name\":\"ARET video and audio engineering s.r.l.\",\"url\":\"https:\/\/aret-engineering.com\/\",\"logo\":{\"@type\":\"ImageObject\",\"inLanguage\":\"it-IT\",\"@id\":\"https:\/\/aret-engineering.com\/#\/schema\/logo\/image\/\",\"url\":\"https:\/\/aret-engineering.com\/wp-content\/uploads\/2017\/11\/Logo-completo-blu-e-giallo-e-grigio.png\",\"contentUrl\":\"https:\/\/aret-engineering.com\/wp-content\/uploads\/2017\/11\/Logo-completo-blu-e-giallo-e-grigio.png\",\"width\":1920,\"height\":737,\"caption\":\"ARET video and audio engineering s.r.l.\"},\"image\":{\"@id\":\"https:\/\/aret-engineering.com\/#\/schema\/logo\/image\/\"},\"sameAs\":[\"https:\/\/www.linkedin.com\/company\/aretengineering\",\"https:\/\/www.youtube.com\/aretengineering\"]}]}<\/script>\n<!-- \/ Yoast SEO plugin. -->","yoast_head_json":{"title":"Informativa sulla privacy - ARET","robots":{"index":"index","follow":"follow","max-snippet":"max-snippet:-1","max-image-preview":"max-image-preview:large","max-video-preview":"max-video-preview:-1"},"canonical":"https:\/\/aret-engineering.com\/it\/informativa-sulla-privacy\/","og_locale":"it_IT","og_type":"article","og_title":"Informativa sulla privacy - ARET","og_description":"[vc_row][vc_column][vc_column_text]INFORMATIVA AL TRATTAMENTO DEI DATI PERSONALI REGOLAMENTO (UE) n. 2016\/679 DEL PARLAMENTO EUROPEO E DEL CONSIGLIO DEL 27 APRILE 2016 [&hellip;]","og_url":"https:\/\/aret-engineering.com\/it\/informativa-sulla-privacy\/","og_site_name":"ARET","article_modified_time":"2020-05-13T09:45:17+00:00","twitter_card":"summary_large_image","twitter_misc":{"Tempo di lettura stimato":"3 minuti"},"schema":{"@context":"https:\/\/schema.org","@graph":[{"@type":"WebPage","@id":"https:\/\/aret-engineering.com\/it\/informativa-sulla-privacy\/","url":"https:\/\/aret-engineering.com\/it\/informativa-sulla-privacy\/","name":"Informativa sulla privacy - ARET","isPartOf":{"@id":"https:\/\/aret-engineering.com\/#website"},"datePublished":"2018-06-05T16:04:23+00:00","dateModified":"2020-05-13T09:45:17+00:00","breadcrumb":{"@id":"https:\/\/aret-engineering.com\/it\/informativa-sulla-privacy\/#breadcrumb"},"inLanguage":"it-IT","potentialAction":[{"@type":"ReadAction","target":["https:\/\/aret-engineering.com\/it\/informativa-sulla-privacy\/"]}]},{"@type":"BreadcrumbList","@id":"https:\/\/aret-engineering.com\/it\/informativa-sulla-privacy\/#breadcrumb","itemListElement":[{"@type":"ListItem","position":1,"name":"Home","item":"https:\/\/aret-engineering.com\/it\/"},{"@type":"ListItem","position":2,"name":"Informativa sulla privacy"}]},{"@type":"WebSite","@id":"https:\/\/aret-engineering.com\/#website","url":"https:\/\/aret-engineering.com\/","name":"ARET","description":"","publisher":{"@id":"https:\/\/aret-engineering.com\/#organization"},"potentialAction":[{"@type":"SearchAction","target":{"@type":"EntryPoint","urlTemplate":"https:\/\/aret-engineering.com\/?s={search_term_string}"},"query-input":{"@type":"PropertyValueSpecification","valueRequired":true,"valueName":"search_term_string"}}],"inLanguage":"it-IT"},{"@type":"Organization","@id":"https:\/\/aret-engineering.com\/#organization","name":"ARET video and audio engineering s.r.l.","url":"https:\/\/aret-engineering.com\/","logo":{"@type":"ImageObject","inLanguage":"it-IT","@id":"https:\/\/aret-engineering.com\/#\/schema\/logo\/image\/","url":"https:\/\/aret-engineering.com\/wp-content\/uploads\/2017\/11\/Logo-completo-blu-e-giallo-e-grigio.png","contentUrl":"https:\/\/aret-engineering.com\/wp-content\/uploads\/2017\/11\/Logo-completo-blu-e-giallo-e-grigio.png","width":1920,"height":737,"caption":"ARET video and audio engineering s.r.l."},"image":{"@id":"https:\/\/aret-engineering.com\/#\/schema\/logo\/image\/"},"sameAs":["https:\/\/www.linkedin.com\/company\/aretengineering","https:\/\/www.youtube.com\/aretengineering"]}]}},"_links":{"self":[{"href":"https:\/\/aret-engineering.com\/it\/wp-json\/wp\/v2\/pages\/70169","targetHints":{"allow":["GET"]}}],"collection":[{"href":"https:\/\/aret-engineering.com\/it\/wp-json\/wp\/v2\/pages"}],"about":[{"href":"https:\/\/aret-engineering.com\/it\/wp-json\/wp\/v2\/types\/page"}],"author":[{"embeddable":true,"href":"https:\/\/aret-engineering.com\/it\/wp-json\/wp\/v2\/users\/2"}],"replies":[{"embeddable":true,"href":"https:\/\/aret-engineering.com\/it\/wp-json\/wp\/v2\/comments?post=70169"}],"version-history":[{"count":2,"href":"https:\/\/aret-engineering.com\/it\/wp-json\/wp\/v2\/pages\/70169\/revisions"}],"predecessor-version":[{"id":70722,"href":"https:\/\/aret-engineering.com\/it\/wp-json\/wp\/v2\/pages\/70169\/revisions\/70722"}],"wp:attachment":[{"href":"https:\/\/aret-engineering.com\/it\/wp-json\/wp\/v2\/media?parent=70169"}],"curies":[{"name":"wp","href":"https:\/\/api.w.org\/{rel}","templated":true}]}}