{"id":67883,"date":"2017-05-05T12:18:22","date_gmt":"2017-05-05T10:18:22","guid":{"rendered":"https:\/\/aret-engineering.com\/services\/"},"modified":"2023-06-13T11:33:57","modified_gmt":"2023-06-13T09:33:57","slug":"servizi","status":"publish","type":"page","link":"https:\/\/aret-engineering.com\/it\/servizi\/","title":{"rendered":"Servizi"},"content":{"rendered":"<div class=\"wpb-content-wrapper\"><p>[vc_row][vc_column][vc_column_text]<script><\/script><script><\/script><script><\/script><script><\/script>[\/vc_column_text][\/vc_column][\/vc_row][vc_row][vc_column width=&#8221;1\/1&#8243;][vc_custom_heading heading_semantic=&#8221;h1&#8243; separator=&#8221;yes&#8221;]Servizi[\/vc_custom_heading][vc_column_text]Tutti i servizi sono gestiti esclusivamente da ingegneri e tecnici certificati. Lo slogan dell&#8217;azienda, <em>Designers, Coachbuilders and System Integrators, <\/em>racchiude\u00a0le tre parole chiave che identificano i principali servizi, che includono:<\/p>\n<div class=\"grammarly-disable-indicator\"><\/div>\n<p>[\/vc_column_text][\/vc_column][\/vc_row][vc_row row_height_percent=&#8221;0&#8243; overlay_alpha=&#8221;50&#8243; gutter_size=&#8221;3&#8243; column_width_percent=&#8221;100&#8243; shift_y=&#8221;0&#8243; z_index=&#8221;0&#8243;][vc_column column_width_percent=&#8221;100&#8243; align_horizontal=&#8221;align_center&#8221; gutter_size=&#8221;3&#8243; overlay_alpha=&#8221;50&#8243; shift_x=&#8221;0&#8243; shift_y=&#8221;0&#8243; shift_y_down=&#8221;0&#8243; z_index=&#8221;0&#8243; medium_width=&#8221;0&#8243; mobile_width=&#8221;0&#8243; width=&#8221;1\/3&#8243;][vc_icon icon_image=&#8221;66488&#8243; heading_semantic=&#8221;h4&#8243; text_size=&#8221;h5&#8243; text_weight=&#8221;400&#8243; title=&#8221;Consulenza&#8221;][\/vc_icon][\/vc_column][vc_column column_width_percent=&#8221;100&#8243; align_horizontal=&#8221;align_center&#8221; gutter_size=&#8221;3&#8243; overlay_alpha=&#8221;50&#8243; shift_x=&#8221;0&#8243; shift_y=&#8221;0&#8243; shift_y_down=&#8221;0&#8243; z_index=&#8221;0&#8243; medium_width=&#8221;0&#8243; mobile_width=&#8221;0&#8243; width=&#8221;1\/3&#8243;][vc_icon icon_image=&#8221;66490&#8243; heading_semantic=&#8221;h4&#8243; text_size=&#8221;h5&#8243; text_weight=&#8221;400&#8243; title=&#8221;Design&#8221;][\/vc_icon][\/vc_column][vc_column column_width_percent=&#8221;100&#8243; align_horizontal=&#8221;align_center&#8221; gutter_size=&#8221;3&#8243; overlay_alpha=&#8221;50&#8243; shift_x=&#8221;0&#8243; shift_y=&#8221;0&#8243; shift_y_down=&#8221;0&#8243; z_index=&#8221;0&#8243; medium_width=&#8221;0&#8243; mobile_width=&#8221;0&#8243; width=&#8221;1\/3&#8243;][vc_icon icon_image=&#8221;66306&#8243; heading_semantic=&#8221;h4&#8243; text_size=&#8221;h5&#8243; text_weight=&#8221;400&#8243; title=&#8221;Commissioning&#8221;][\/vc_icon][\/vc_column][\/vc_row][vc_row row_height_percent=&#8221;0&#8243; overlay_alpha=&#8221;50&#8243; gutter_size=&#8221;3&#8243; column_width_percent=&#8221;100&#8243; shift_y=&#8221;0&#8243; z_index=&#8221;0&#8243; css=&#8221;.vc_custom_1512830787230{margin-bottom: 40px !important;}&#8221;][vc_column column_width_percent=&#8221;100&#8243; align_horizontal=&#8221;align_center&#8221; gutter_size=&#8221;3&#8243; overlay_alpha=&#8221;50&#8243; shift_x=&#8221;0&#8243; shift_y=&#8221;0&#8243; shift_y_down=&#8221;0&#8243; z_index=&#8221;0&#8243; medium_width=&#8221;0&#8243; mobile_width=&#8221;0&#8243; width=&#8221;1\/3&#8243;][vc_icon icon_image=&#8221;66491&#8243; heading_semantic=&#8221;h4&#8243; text_size=&#8221;h5&#8243; text_weight=&#8221;400&#8243; title=&#8221;Training&#8221;][\/vc_icon][\/vc_column][vc_column column_width_percent=&#8221;100&#8243; align_horizontal=&#8221;align_center&#8221; gutter_size=&#8221;3&#8243; overlay_alpha=&#8221;50&#8243; shift_x=&#8221;0&#8243; shift_y=&#8221;0&#8243; shift_y_down=&#8221;0&#8243; z_index=&#8221;0&#8243; medium_width=&#8221;0&#8243; mobile_width=&#8221;0&#8243; width=&#8221;1\/3&#8243;][vc_icon icon_image=&#8221;66492&#8243; heading_semantic=&#8221;h4&#8243; text_size=&#8221;h5&#8243; text_weight=&#8221;400&#8243; title=&#8221;Supporto post-vendita&#8221;][\/vc_icon][\/vc_column][vc_column column_width_percent=&#8221;100&#8243; align_horizontal=&#8221;align_center&#8221; gutter_size=&#8221;3&#8243; overlay_alpha=&#8221;50&#8243; shift_x=&#8221;0&#8243; shift_y=&#8221;0&#8243; shift_y_down=&#8221;0&#8243; z_index=&#8221;0&#8243; medium_width=&#8221;0&#8243; mobile_width=&#8221;0&#8243; width=&#8221;1\/3&#8243;][vc_icon icon_image=&#8221;66493&#8243; heading_semantic=&#8221;h4&#8243; text_size=&#8221;h5&#8243; text_weight=&#8221;400&#8243; title=&#8221;ARET Academy&#8221;][\/vc_icon][\/vc_column][\/vc_row][vc_row][vc_column width=&#8221;1\/1&#8243;][vc_row_inner][vc_column_inner width=&#8221;1\/2&#8243;][vc_column_text uncode_shortcode_id=&#8221;102783&#8243;]<strong>Training<\/strong><br \/>\nGli ingegneri ed i tecnici ARET si impegnano a fornire ai clienti il miglior supporto su ogni singolo componente di sistema. Le sessioni di training inoltre si incentrano sulle pi\u00f9 importanti operazioni di utilizzo di tutte le apparecchiature e sistemi, insieme al mantenimento generale necessario per un funzionamento perfetto di tutti gli elementi. Questi incontri sono anche occasioni uniche per instaurare forti legami con i clienti, consolidando le base per quello che diventer\u00e0 un rapporto duraturo nel tempo.[\/vc_column_text][vc_column_text]<strong>Design<\/strong><br \/>\nIl design ARET comprende\u00a0l&#8217;integrazione completa di tutti i componenti di sistema: apparati broadcast, meccanica, impianto elettrico, climatizzazione dedicata, impanto idraulico, cablaggio, etc. Ingegnericamente progettato, il sistema cresce passo a passo insieme a tutti i suoi componenti, adattandosi ad ogni fase di sviluppo.<br \/>\nGrazie a decenni di esperienza, \u00e8 possibile prevedere le variabili che possono emergere durante i diversi step di implementazione, ottenendo un prodotto di altissma gamma; ARET riesce a garantire tutte queste caratteristiche e funzionalit\u00e0 con rapidi tempi consegna. Anche l&#8217;occhio vuole la sua parte e proprio per questo motivo, il design ed i particolari sono curati nei minimi dettagli, utilizzando i migliori materiali per creare ambienti moderni con interni senza eguali, creando un&#8217;atmosfera unica per un ambiente di produzione senza paragoni.[\/vc_column_text][\/vc_column_inner][vc_column_inner width=&#8221;1\/2&#8243;][vc_column_text uncode_shortcode_id=&#8221;710980&#8243;]<strong>Consulenza<\/strong><br \/>\nNella fase preliminare di consulenza il cliente definisce le proprie esigenze attuali e future. ARET a sua volta propone diverse soluzioni guidando il cliente verso la migliore soluzione considerando il progetto in termini di durabilit\u00e0, economicit\u00e0, affidabilit\u00e0, performance, etc&#8230; identificando insieme al cliente la miglior soluzione, in termini di qualit\u00e0 e prezzo, per il breve ed il lungo termine.[\/vc_column_text][vc_column_text uncode_shortcode_id=&#8221;141218&#8243;]<strong>Commissioning<\/strong><br \/>\nI clienti vengono costantemente aggiornati in ogni fase di realizzazione del progetto in modo da arrivare al commissioning con una conoscenza strutturale ed organizzativa del sistema. Durante quest&#8217;ultima fase, gli ingegneri ed i tecnici ARET predispongono training teorici e pratici trasmettendo, con grande entusiasmo e passione, tutte le proprie conoscenze e testando insieme al cliente il sistema in tutta la sua integrit\u00e0.[\/vc_column_text][vc_column_text uncode_shortcode_id=&#8221;973717&#8243;]<b>Supporto post vendita<br \/>\n<\/b>Sempre On-Air e backup sicuri. I sistemi ARET sono completamente ridondati: la loro altissima affidabilit\u00e0, unita al design perfetto, ne garantiscono il perfetto funzionamento. Nel raro caso di un guasto, ARET garantisce assistenza 24\/7 con tecnici pronti ad intervenire in ogni parte del mondo. Ogni singolo componente di sistema viene meticolosamente catalogato, cos\u00ec da poter essere immediatamente identificato in caso di necessit\u00e0. Il supporto post-vendita si estende ben oltre l&#8217;assistenza: con lo stretto rapporto di fiducia che si viene a creare, ARET diventa un punto di riferimento fondamentale per il cliente, supportandolo sui vari fronti del proprio business.[\/vc_column_text][\/vc_column_inner][\/vc_row_inner][vc_row_inner][vc_column_inner width=&#8221;1\/3&#8243;][vc_single_image media=&#8221;65988&#8243; media_width_percent=&#8221;100&#8243; media_ratio=&#8221;sixteen-nine&#8221;][\/vc_column_inner][vc_column_inner width=&#8221;1\/3&#8243;][vc_single_image media=&#8221;65990&#8243; media_width_percent=&#8221;100&#8243; media_ratio=&#8221;sixteen-nine&#8221;][\/vc_column_inner][vc_column_inner width=&#8221;1\/3&#8243;][vc_single_image media=&#8221;65989&#8243; media_width_percent=&#8221;100&#8243; media_ratio=&#8221;sixteen-nine&#8221;][\/vc_column_inner][\/vc_row_inner][\/vc_column][\/vc_row][vc_row row_height_percent=&#8221;0&#8243; overlay_alpha=&#8221;50&#8243; gutter_size=&#8221;3&#8243; column_width_percent=&#8221;100&#8243; shift_y=&#8221;0&#8243; z_index=&#8221;0&#8243;][vc_column column_width_percent=&#8221;100&#8243; gutter_size=&#8221;3&#8243; overlay_alpha=&#8221;50&#8243; shift_x=&#8221;0&#8243; shift_y=&#8221;0&#8243; shift_y_down=&#8221;0&#8243; z_index=&#8221;0&#8243; medium_width=&#8221;0&#8243; mobile_width=&#8221;0&#8243; width=&#8221;1\/1&#8243;][vc_custom_heading separator=&#8221;yes&#8221; sub_lead=&#8221;yes&#8221; subheading=&#8221;Demo room e training area&#8221; el_class=&#8221;increase-subheader&#8221;]ARET Academy[\/vc_custom_heading][vc_column_text]Azienda dinamica ed in rapida crescita, all&#8217;intenro della\u00a0propria\u00a0sede alla porte di Milano, ARET dispone di un&#8217;area dedicata\u00a0specificatamente alla formazione, demo prodotti, conferenze e training. Conosciuta come&#8221;ARET Academy&#8221;, offre regolarmete corsi di formazione tecnica su tutti i prodotti ed i marchi distribuiti. I training sono tenuti da product specialist e demo artist provenienti direttamemnte dalle case madri dei produttori che, insieme al tecnici ARET, si occupano di una formazione mirata per ogni cliente su hardware e software, design di sistemi, configurazioni, applicazioni, nuovi standard etc. In questi incontri \u00e8 possibile acquisire tutte le nozioni necessarie ad ottenere il massimo dai prodotti, sfruttandone al meglio l&#8217;utilizzo sulla base di dove verranno utilizzati. Inoltre, ogni training pu\u00f2 essere personalizzato sulla base delle esigenze del cliente.<\/p>\n<p>[\/vc_column_text][vc_single_image media=&#8221;65972&#8243; media_width_percent=&#8221;100&#8243;][vc_row_inner][vc_column_inner width=&#8221;1\/2&#8243;][vc_single_image media=&#8221;65975&#8243; media_width_percent=&#8221;100&#8243; media_ratio=&#8221;twentyone-nine&#8221;][\/vc_column_inner][vc_column_inner width=&#8221;1\/2&#8243;][vc_single_image media=&#8221;65974&#8243; media_width_percent=&#8221;100&#8243; media_ratio=&#8221;twentyone-nine&#8221;][\/vc_column_inner][\/vc_row_inner][\/vc_column][\/vc_row][vc_row row_height_percent=&#8221;0&#8243; overlay_alpha=&#8221;50&#8243; gutter_size=&#8221;3&#8243; column_width_percent=&#8221;100&#8243; shift_y=&#8221;0&#8243; z_index=&#8221;0&#8243; row_name=&#8221;Book a training&#8221;][vc_column column_width_percent=&#8221;100&#8243; align_horizontal=&#8221;align_center&#8221; gutter_size=&#8221;3&#8243; overlay_alpha=&#8221;50&#8243; shift_x=&#8221;0&#8243; shift_y=&#8221;0&#8243; shift_y_down=&#8221;0&#8243; z_index=&#8221;0&#8243; medium_width=&#8221;0&#8243; mobile_width=&#8221;0&#8243; width=&#8221;1\/1&#8243;][vc_custom_heading]Prenota un training[\/vc_custom_heading]\n<div class=\"wpcf7 no-js\" id=\"wpcf7-f66316-o1\" lang=\"en-US\" dir=\"ltr\" data-wpcf7-id=\"66316\">\n<div class=\"screen-reader-response\"><p role=\"status\" aria-live=\"polite\" aria-atomic=\"true\"><\/p> <ul><\/ul><\/div>\n<form action=\"\/it\/wp-json\/wp\/v2\/pages\/67883#wpcf7-f66316-o1\" method=\"post\" class=\"wpcf7-form init\" aria-label=\"Contact form\" novalidate=\"novalidate\" data-status=\"init\">\n<div style=\"display: none;\">\n<input type=\"hidden\" name=\"_wpcf7\" value=\"66316\" \/>\n<input type=\"hidden\" name=\"_wpcf7_version\" value=\"6.0.4\" \/>\n<input type=\"hidden\" name=\"_wpcf7_locale\" value=\"en_US\" \/>\n<input type=\"hidden\" name=\"_wpcf7_unit_tag\" value=\"wpcf7-f66316-o1\" \/>\n<input type=\"hidden\" name=\"_wpcf7_container_post\" value=\"0\" \/>\n<input type=\"hidden\" name=\"_wpcf7_posted_data_hash\" value=\"\" \/>\n<input type=\"hidden\" name=\"_wpcf7_recaptcha_response\" value=\"\" \/>\n<\/div>\n<div class=\"wpcf7-inline-wrapper\">\n\t<p class=\"wpcf7-inline-field\"><span class=\"wpcf7-form-control-wrap\" data-name=\"your-name\"><input size=\"40\" maxlength=\"400\" class=\"wpcf7-form-control wpcf7-text wpcf7-validates-as-required\" aria-required=\"true\" aria-invalid=\"false\" placeholder=\"Name and Surname\" value=\"\" type=\"text\" name=\"your-name\" \/><\/span>\n\t<\/p>\n\t<p class=\"wpcf7-inline-field\"><span class=\"wpcf7-form-control-wrap\" data-name=\"your-phone\"><input size=\"40\" maxlength=\"400\" class=\"wpcf7-form-control wpcf7-text wpcf7-validates-as-required\" aria-required=\"true\" aria-invalid=\"false\" placeholder=\"Phone\" value=\"\" type=\"text\" name=\"your-phone\" \/><\/span>\n\t<\/p>\n<\/div>\n<div class=\"wpcf7-inline-wrapper\">\n\t<p class=\"wpcf7-inline-field\"><span class=\"wpcf7-form-control-wrap\" data-name=\"your-company\"><input size=\"40\" maxlength=\"400\" class=\"wpcf7-form-control wpcf7-text wpcf7-validates-as-required\" aria-required=\"true\" aria-invalid=\"false\" placeholder=\"Company\" value=\"\" type=\"text\" name=\"your-company\" \/><\/span>\n\t<\/p>\n\t<p class=\"wpcf7-inline-field\"><span class=\"wpcf7-form-control-wrap\" data-name=\"your-email\"><input size=\"40\" maxlength=\"400\" class=\"wpcf7-form-control wpcf7-email wpcf7-validates-as-required wpcf7-text wpcf7-validates-as-email\" aria-required=\"true\" aria-invalid=\"false\" placeholder=\"Email\" value=\"\" type=\"email\" name=\"your-email\" \/><\/span>\n\t<\/p>\n<\/div>\n<p><span class=\"wpcf7-form-control-wrap\" data-name=\"your-message\"><textarea cols=\"40\" rows=\"8\" maxlength=\"2000\" class=\"wpcf7-form-control wpcf7-textarea wpcf7-validates-as-required\" aria-required=\"true\" aria-invalid=\"false\" placeholder=\"Message\" name=\"your-message\"><\/textarea><\/span>\n<\/p>\n\n<p><input class=\"wpcf7-form-control wpcf7-submit has-spinner btn btn-sm btn-color-prif btn-square custom-link\" id=\"cf_prod_request\" type=\"submit\" value=\"Send request\" \/>\n<\/p><div class=\"wpcf7-response-output\" aria-hidden=\"true\"><\/div>\n<\/form>\n<\/div>\n\r\n\t\t\t\t<script>\r\n\t\t\t\tif ( typeof huOptions !== 'undefined' ) {\r\n\t\t\t\t\tvar huFormData = {\"source\":\"contactform7\",\"id\":66316,\"fields\":{\"subject\":{\"first_name\":\"your-name\",\"email\":\"your-email\"},\"preferences\":{\"terms\":\"your-consent\"}}};\r\n\t\t\t\t\tvar huFormNode = document.querySelector( '[id^=\"wpcf7-f66316-\"] form' );\r\n\r\n\t\t\t\t\thuFormData['node'] = huFormNode;\r\n\t\t\t\t\thuOptions['forms'].push( huFormData );\r\n\t\t\t\t}\r\n\t\t\t\t<\/script>[\/vc_column][\/vc_row]<\/p>\n<\/div>","protected":false},"excerpt":{"rendered":"<p>[vc_row][vc_column][vc_column_text][\/vc_column_text][\/vc_column][\/vc_row][vc_row][vc_column width=&#8221;1\/1&#8243;][vc_custom_heading heading_semantic=&#8221;h1&#8243; separator=&#8221;yes&#8221;]Servizi[\/vc_custom_heading][vc_column_text]Tutti i servizi sono gestiti esclusivamente da ingegneri e tecnici certificati. Lo slogan dell&#8217;azienda, Designers, Coachbuilders and [&hellip;]<\/p>\n","protected":false},"author":4,"featured_media":0,"parent":0,"menu_order":0,"comment_status":"closed","ping_status":"closed","template":"","meta":{"_monsterinsights_skip_tracking":false,"_monsterinsights_sitenote_active":false,"_monsterinsights_sitenote_note":"","_monsterinsights_sitenote_category":0,"footnotes":""},"class_list":["post-67883","page","type-page","status-publish","hentry"],"yoast_head":"<!-- This site is optimized with the Yoast SEO plugin v24.6 - https:\/\/yoast.com\/wordpress\/plugins\/seo\/ -->\n<title>Servizi - ARET<\/title>\n<meta name=\"robots\" content=\"index, follow, max-snippet:-1, max-image-preview:large, max-video-preview:-1\" \/>\n<link rel=\"canonical\" href=\"https:\/\/aret-engineering.com\/it\/servizi\/\" \/>\n<meta property=\"og:locale\" content=\"it_IT\" \/>\n<meta property=\"og:type\" content=\"article\" \/>\n<meta property=\"og:title\" content=\"Servizi - ARET\" \/>\n<meta property=\"og:description\" content=\"[vc_row][vc_column][vc_column_text][\/vc_column_text][\/vc_column][\/vc_row][vc_row][vc_column width=&#8221;1\/1&#8243;][vc_custom_heading heading_semantic=&#8221;h1&#8243; separator=&#8221;yes&#8221;]Servizi[\/vc_custom_heading][vc_column_text]Tutti i servizi sono gestiti esclusivamente da ingegneri e tecnici certificati. Lo slogan dell&#8217;azienda, Designers, Coachbuilders and [&hellip;]\" \/>\n<meta property=\"og:url\" content=\"https:\/\/aret-engineering.com\/it\/servizi\/\" \/>\n<meta property=\"og:site_name\" content=\"ARET\" \/>\n<meta property=\"article:modified_time\" content=\"2023-06-13T09:33:57+00:00\" \/>\n<meta name=\"twitter:card\" content=\"summary_large_image\" \/>\n<meta name=\"twitter:label1\" content=\"Tempo di lettura stimato\" \/>\n\t<meta name=\"twitter:data1\" content=\"4 minuti\" \/>\n<script type=\"application\/ld+json\" class=\"yoast-schema-graph\">{\"@context\":\"https:\/\/schema.org\",\"@graph\":[{\"@type\":\"WebPage\",\"@id\":\"https:\/\/aret-engineering.com\/it\/servizi\/\",\"url\":\"https:\/\/aret-engineering.com\/it\/servizi\/\",\"name\":\"Servizi - ARET\",\"isPartOf\":{\"@id\":\"https:\/\/aret-engineering.com\/#website\"},\"datePublished\":\"2017-05-05T10:18:22+00:00\",\"dateModified\":\"2023-06-13T09:33:57+00:00\",\"breadcrumb\":{\"@id\":\"https:\/\/aret-engineering.com\/it\/servizi\/#breadcrumb\"},\"inLanguage\":\"it-IT\",\"potentialAction\":[{\"@type\":\"ReadAction\",\"target\":[\"https:\/\/aret-engineering.com\/it\/servizi\/\"]}]},{\"@type\":\"BreadcrumbList\",\"@id\":\"https:\/\/aret-engineering.com\/it\/servizi\/#breadcrumb\",\"itemListElement\":[{\"@type\":\"ListItem\",\"position\":1,\"name\":\"Home\",\"item\":\"https:\/\/aret-engineering.com\/it\/\"},{\"@type\":\"ListItem\",\"position\":2,\"name\":\"Servizi\"}]},{\"@type\":\"WebSite\",\"@id\":\"https:\/\/aret-engineering.com\/#website\",\"url\":\"https:\/\/aret-engineering.com\/\",\"name\":\"ARET\",\"description\":\"\",\"publisher\":{\"@id\":\"https:\/\/aret-engineering.com\/#organization\"},\"potentialAction\":[{\"@type\":\"SearchAction\",\"target\":{\"@type\":\"EntryPoint\",\"urlTemplate\":\"https:\/\/aret-engineering.com\/?s={search_term_string}\"},\"query-input\":{\"@type\":\"PropertyValueSpecification\",\"valueRequired\":true,\"valueName\":\"search_term_string\"}}],\"inLanguage\":\"it-IT\"},{\"@type\":\"Organization\",\"@id\":\"https:\/\/aret-engineering.com\/#organization\",\"name\":\"ARET video and audio engineering s.r.l.\",\"url\":\"https:\/\/aret-engineering.com\/\",\"logo\":{\"@type\":\"ImageObject\",\"inLanguage\":\"it-IT\",\"@id\":\"https:\/\/aret-engineering.com\/#\/schema\/logo\/image\/\",\"url\":\"https:\/\/aret-engineering.com\/wp-content\/uploads\/2017\/11\/Logo-completo-blu-e-giallo-e-grigio.png\",\"contentUrl\":\"https:\/\/aret-engineering.com\/wp-content\/uploads\/2017\/11\/Logo-completo-blu-e-giallo-e-grigio.png\",\"width\":1920,\"height\":737,\"caption\":\"ARET video and audio engineering s.r.l.\"},\"image\":{\"@id\":\"https:\/\/aret-engineering.com\/#\/schema\/logo\/image\/\"},\"sameAs\":[\"https:\/\/www.linkedin.com\/company\/aretengineering\",\"https:\/\/www.youtube.com\/aretengineering\"]}]}<\/script>\n<!-- \/ Yoast SEO plugin. -->","yoast_head_json":{"title":"Servizi - ARET","robots":{"index":"index","follow":"follow","max-snippet":"max-snippet:-1","max-image-preview":"max-image-preview:large","max-video-preview":"max-video-preview:-1"},"canonical":"https:\/\/aret-engineering.com\/it\/servizi\/","og_locale":"it_IT","og_type":"article","og_title":"Servizi - ARET","og_description":"[vc_row][vc_column][vc_column_text][\/vc_column_text][\/vc_column][\/vc_row][vc_row][vc_column width=&#8221;1\/1&#8243;][vc_custom_heading heading_semantic=&#8221;h1&#8243; separator=&#8221;yes&#8221;]Servizi[\/vc_custom_heading][vc_column_text]Tutti i servizi sono gestiti esclusivamente da ingegneri e tecnici certificati. Lo slogan dell&#8217;azienda, Designers, Coachbuilders and [&hellip;]","og_url":"https:\/\/aret-engineering.com\/it\/servizi\/","og_site_name":"ARET","article_modified_time":"2023-06-13T09:33:57+00:00","twitter_card":"summary_large_image","twitter_misc":{"Tempo di lettura stimato":"4 minuti"},"schema":{"@context":"https:\/\/schema.org","@graph":[{"@type":"WebPage","@id":"https:\/\/aret-engineering.com\/it\/servizi\/","url":"https:\/\/aret-engineering.com\/it\/servizi\/","name":"Servizi - ARET","isPartOf":{"@id":"https:\/\/aret-engineering.com\/#website"},"datePublished":"2017-05-05T10:18:22+00:00","dateModified":"2023-06-13T09:33:57+00:00","breadcrumb":{"@id":"https:\/\/aret-engineering.com\/it\/servizi\/#breadcrumb"},"inLanguage":"it-IT","potentialAction":[{"@type":"ReadAction","target":["https:\/\/aret-engineering.com\/it\/servizi\/"]}]},{"@type":"BreadcrumbList","@id":"https:\/\/aret-engineering.com\/it\/servizi\/#breadcrumb","itemListElement":[{"@type":"ListItem","position":1,"name":"Home","item":"https:\/\/aret-engineering.com\/it\/"},{"@type":"ListItem","position":2,"name":"Servizi"}]},{"@type":"WebSite","@id":"https:\/\/aret-engineering.com\/#website","url":"https:\/\/aret-engineering.com\/","name":"ARET","description":"","publisher":{"@id":"https:\/\/aret-engineering.com\/#organization"},"potentialAction":[{"@type":"SearchAction","target":{"@type":"EntryPoint","urlTemplate":"https:\/\/aret-engineering.com\/?s={search_term_string}"},"query-input":{"@type":"PropertyValueSpecification","valueRequired":true,"valueName":"search_term_string"}}],"inLanguage":"it-IT"},{"@type":"Organization","@id":"https:\/\/aret-engineering.com\/#organization","name":"ARET video and audio engineering s.r.l.","url":"https:\/\/aret-engineering.com\/","logo":{"@type":"ImageObject","inLanguage":"it-IT","@id":"https:\/\/aret-engineering.com\/#\/schema\/logo\/image\/","url":"https:\/\/aret-engineering.com\/wp-content\/uploads\/2017\/11\/Logo-completo-blu-e-giallo-e-grigio.png","contentUrl":"https:\/\/aret-engineering.com\/wp-content\/uploads\/2017\/11\/Logo-completo-blu-e-giallo-e-grigio.png","width":1920,"height":737,"caption":"ARET video and audio engineering s.r.l."},"image":{"@id":"https:\/\/aret-engineering.com\/#\/schema\/logo\/image\/"},"sameAs":["https:\/\/www.linkedin.com\/company\/aretengineering","https:\/\/www.youtube.com\/aretengineering"]}]}},"_links":{"self":[{"href":"https:\/\/aret-engineering.com\/it\/wp-json\/wp\/v2\/pages\/67883","targetHints":{"allow":["GET"]}}],"collection":[{"href":"https:\/\/aret-engineering.com\/it\/wp-json\/wp\/v2\/pages"}],"about":[{"href":"https:\/\/aret-engineering.com\/it\/wp-json\/wp\/v2\/types\/page"}],"author":[{"embeddable":true,"href":"https:\/\/aret-engineering.com\/it\/wp-json\/wp\/v2\/users\/4"}],"replies":[{"embeddable":true,"href":"https:\/\/aret-engineering.com\/it\/wp-json\/wp\/v2\/comments?post=67883"}],"version-history":[{"count":14,"href":"https:\/\/aret-engineering.com\/it\/wp-json\/wp\/v2\/pages\/67883\/revisions"}],"predecessor-version":[{"id":71277,"href":"https:\/\/aret-engineering.com\/it\/wp-json\/wp\/v2\/pages\/67883\/revisions\/71277"}],"wp:attachment":[{"href":"https:\/\/aret-engineering.com\/it\/wp-json\/wp\/v2\/media?parent=67883"}],"curies":[{"name":"wp","href":"https:\/\/api.w.org\/{rel}","templated":true}]}}