{"id":67839,"date":"2017-11-22T21:35:23","date_gmt":"2017-11-22T20:35:23","guid":{"rendered":"https:\/\/aret-engineering.com\/ob-vans\/"},"modified":"2023-06-13T11:29:18","modified_gmt":"2023-06-13T09:29:18","slug":"ob-vans","status":"publish","type":"page","link":"https:\/\/aret-engineering.com\/it\/ob-vans\/","title":{"rendered":"OB Vans"},"content":{"rendered":"<div class=\"wpb-content-wrapper\"><p>[vc_row][vc_column][vc_column_text]<script><\/script><script><\/script><script><\/script><script><\/script>[\/vc_column_text][\/vc_column][\/vc_row][vc_row row_height_percent=&#8221;0&#8243; override_padding=&#8221;yes&#8221; h_padding=&#8221;2&#8243; top_padding=&#8221;5&#8243; bottom_padding=&#8221;5&#8243; back_image=&#8221;66246&#8243; parallax=&#8221;yes&#8221; overlay_color=&#8221;color-jevc&#8221; overlay_alpha=&#8221;75&#8243; gutter_size=&#8221;3&#8243; column_width_percent=&#8221;100&#8243; shift_y=&#8221;0&#8243; z_index=&#8221;0&#8243;][vc_column column_width_percent=&#8221;100&#8243; align_horizontal=&#8221;align_center&#8221; gutter_size=&#8221;3&#8243; overlay_alpha=&#8221;50&#8243; shift_x=&#8221;0&#8243; shift_y=&#8221;0&#8243; shift_y_down=&#8221;0&#8243; z_index=&#8221;0&#8243; medium_width=&#8221;0&#8243; mobile_width=&#8221;0&#8243; width=&#8221;1\/1&#8243;][vc_custom_heading]<\/p>\n<h1 style=\"text-align: center;\"><span style=\"color: #ffffff;\"><strong>450+<\/strong><\/span><\/h1>\n<h1 style=\"text-align: center;\"><span style=\"color: #ffffff;\">OB Vans CONSEGNATI<\/span><\/h1>\n<p>[\/vc_custom_heading][\/vc_column][\/vc_row][vc_row][vc_column width=&#8221;1\/1&#8243;][vc_column_text uncode_shortcode_id=&#8221;859141&#8243;]ARET video and audio engineering, system integrator a livello mondale, \u00e8 orgogliosa di aver progettato e creato pi\u00f9 di 450 OB Van in tutto il mondo. Questa importante cifra \u00e8 stata raggiunta grazie all&#8217;eccellenza, principio ispiratore dell&#8217;azienda, e all&#8217;attitudine verso il miglioramento e\u00a0 superamento dei risultati gi\u00e0 ottenuti. Aver realizzato pi\u00f9 di 450 OB Van significa aver creato pi\u00f9 di 450 tipi di carrozzerie specifiche per OB Van, realizzato pi\u00f9 di 450 system integration ed infine aver avuto pi\u00f9 di 450 opportunit\u00e0 per migliorare i propri standard qualitativi.<\/p>\n<p>ARET \u00e8 l\u2019unica azienda italiana ad avere al suo interno un reparto di carrozzeria dedicato alla costruzione di OB Van di qualsiasi dimensione: piccoli sprinter, DSNG, OB Van di medie dimensioni fino a grandi trailer.<\/p>\n<p>Durante gli anni, ARET ha sviluppato tecniche di costruzione ad altissimo livello dedicate unicamente alla realizzazione di OB Van adatti a supportare qualsiasi tipo di produzione e resistere alle condizioni metereologiche pi\u00f9 estreme, dal grande caldo del deserto al rigido freddo delle Alpi. I benefici di avere una carrozzeria specializzata al proprio interno sono molti, tra questi la possibilit\u00e0 di monitorare meticolosamente passo per passo la costruzione di un mezzo in ogni sua fase.<\/p>\n<p>Un fattore chiave nella creazione dei migliori OB Van al mondo si basa sulla strategica combinazione di Coach-Building e System Integration.[\/vc_column_text][\/vc_column][\/vc_row][vc_row row_height_percent=&#8221;0&#8243; overlay_alpha=&#8221;50&#8243; gutter_size=&#8221;3&#8243; column_width_percent=&#8221;100&#8243; shift_y=&#8221;0&#8243; z_index=&#8221;0&#8243;][vc_column width=&#8221;1\/1&#8243;][vc_row_inner row_inner_height_percent=&#8221;0&#8243; overlay_alpha=&#8221;50&#8243; equal_height=&#8221;yes&#8221; gutter_size=&#8221;3&#8243; shift_y=&#8221;0&#8243; z_index=&#8221;0&#8243;][vc_column_inner width=&#8221;1\/2&#8243;][vc_single_image media=&#8221;67255&#8243; media_width_percent=&#8221;100&#8243; media_ratio=&#8221;sixteen-nine&#8221; media_link=&#8221;url:https%3A%2F%2Faret-engineering.com%2Fob-vans%2Flarge-ob-vans%2F|||&#8221;][\/vc_column_inner][vc_column_inner width=&#8221;1\/2&#8243;][vc_custom_heading separator=&#8221;yes&#8221;]<a id=\"obvans-large\" href=\"\/?page_id=65617\">Grandi OB Vans<\/a>[\/vc_custom_heading][vc_column_text uncode_shortcode_id=&#8221;224652&#8243;]Appartengono a questa categoria gli OB Van di grandi dimensioni, tipicamente da una, due o tre espansioni. Solitamente utilizzati per medie\/grandi produzioni, questi mezzi dispongono di diverse aree interne ed ampi spazi per consentire il passaggio di operatori e personale specializzato attraversi i diversi ambienti, snellendo allo stesso tempo il flusso di entrata\/uscita di persone. Caratterizzati da ambienti ultramoderni, con sistemi avanzati di areazione\/condizionamento ed opzioni di isolamento acustico, questi OB Van rappresentano il meglio sul mercato per design, affidabilit\u00e0 ed immediatezza di produzione, e sono ormai diventati da anni il punto di riferimento del settore.[\/vc_column_text][\/vc_column_inner][\/vc_row_inner][\/vc_column][\/vc_row][vc_row row_height_percent=&#8221;0&#8243; back_color=&#8221;color-lxmt&#8221; overlay_alpha=&#8221;50&#8243; gutter_size=&#8221;3&#8243; column_width_percent=&#8221;100&#8243; shift_y=&#8221;0&#8243; z_index=&#8221;0&#8243;][vc_column width=&#8221;1\/1&#8243;][vc_row_inner row_inner_height_percent=&#8221;0&#8243; overlay_alpha=&#8221;50&#8243; equal_height=&#8221;yes&#8221; gutter_size=&#8221;3&#8243; shift_y=&#8221;0&#8243; z_index=&#8221;0&#8243;][vc_column_inner width=&#8221;1\/2&#8243;][vc_custom_heading separator=&#8221;yes&#8221;]<a id=\"obvans-small-medium\" href=\"\/?page_id=66420\">Piccoli e Medi OB Vans<\/a>[\/vc_custom_heading][vc_column_text]ARET \u00e8 uno dei system integrator con pi\u00f9 esperienza al mondo nella\u00a0realizzazioni di OB Van di piccole e medie dimensioni. Questa tipologia di mezzi rappresenta spesso una sfida in termini di spazio, peso, layout, design, ed ergonomia. Grazie al know-how di 40 anni di esperienza, ARET \u00e8 riuscita ad ottimizzare ogni dettaglio ed il risultato, in termini di performance ed affidabilit\u00e0, sono dei mezzi per produzione di altissimo livello.[\/vc_column_text][\/vc_column_inner][vc_column_inner width=&#8221;1\/2&#8243;][vc_single_image media=&#8221;67330&#8243; media_width_percent=&#8221;100&#8243; media_ratio=&#8221;sixteen-nine&#8221; media_link=&#8221;url:https%3A%2F%2Faret-engineering.com%2Fob-vans%2Fsmall-and-medium%2F|||&#8221;][\/vc_column_inner][\/vc_row_inner][\/vc_column][\/vc_row][vc_row row_height_percent=&#8221;0&#8243; overlay_alpha=&#8221;50&#8243; gutter_size=&#8221;3&#8243; column_width_percent=&#8221;100&#8243; shift_y=&#8221;0&#8243; z_index=&#8221;0&#8243;][vc_column width=&#8221;1\/1&#8243;][vc_row_inner row_inner_height_percent=&#8221;0&#8243; overlay_alpha=&#8221;50&#8243; equal_height=&#8221;yes&#8221; gutter_size=&#8221;3&#8243; shift_y=&#8221;0&#8243; z_index=&#8221;0&#8243;][vc_column_inner width=&#8221;1\/2&#8243;][vc_single_image media=&#8221;67427&#8243; media_width_percent=&#8221;100&#8243; media_ratio=&#8221;sixteen-nine&#8221; media_link=&#8221;url:https%3A%2F%2Faret-engineering.com%2Fob-vans%2Fdsng%2F|||&#8221;][\/vc_column_inner][vc_column_inner width=&#8221;1\/2&#8243;][vc_custom_heading separator=&#8221;yes&#8221;]<a id=\"\u201cobvans-dnsg\" href=\"https:\/\/aret-engineering.com\/ob-vans\/dsng\/\">DSNG<\/a>[\/vc_custom_heading][vc_column_text]DSNG vans, also known as Digital Satellite News Gathering (DSNG) vans, are state-of-the-art systems for producing and transmitting news as they happen, where they happen. Designed for going on air in minutes, internal areas designed for maximizing space with ARET\u2019s high-class finishing. Every vehicle can be configured with custom solutions for uplink, satellite, terrestrial antennas, and fly away systems.[\/vc_column_text][\/vc_column_inner][\/vc_row_inner][\/vc_column][\/vc_row][vc_row row_height_percent=&#8221;0&#8243; back_color=&#8221;color-lxmt&#8221; overlay_alpha=&#8221;50&#8243; gutter_size=&#8221;3&#8243; column_width_percent=&#8221;100&#8243; shift_y=&#8221;0&#8243; z_index=&#8221;0&#8243;][vc_column width=&#8221;1\/1&#8243;][vc_row_inner row_inner_height_percent=&#8221;0&#8243; overlay_alpha=&#8221;50&#8243; equal_height=&#8221;yes&#8221; gutter_size=&#8221;3&#8243; shift_y=&#8221;0&#8243; z_index=&#8221;0&#8243;][vc_column_inner width=&#8221;1\/2&#8243;][vc_custom_heading separator=&#8221;yes&#8221;]<a id=\"obvans-radio\" href=\"\/?page_id=66428\">OB Vans Radio<\/a>[\/vc_custom_heading][vc_column_text]OB Vans Radio con trattamenti acustici specializzati, per radio broadcasting, registrazioni audio, ed eventi live con conduttore ed ospiti.[\/vc_column_text][\/vc_column_inner][vc_column_inner width=&#8221;1\/2&#8243;][vc_single_image media=&#8221;67462&#8243; media_width_percent=&#8221;100&#8243; media_ratio=&#8221;sixteen-nine&#8221; media_link=&#8221;url:https%3A%2F%2Faret-engineering.com%2Fob-vans%2Fradio%2F|||&#8221;][\/vc_column_inner][\/vc_row_inner][\/vc_column][\/vc_row][vc_row row_height_percent=&#8221;0&#8243; overlay_alpha=&#8221;50&#8243; gutter_size=&#8221;3&#8243; column_width_percent=&#8221;100&#8243; shift_y=&#8221;0&#8243; z_index=&#8221;0&#8243;][vc_column width=&#8221;1\/1&#8243;][vc_row_inner row_inner_height_percent=&#8221;0&#8243; overlay_alpha=&#8221;50&#8243; equal_height=&#8221;yes&#8221; gutter_size=&#8221;3&#8243; shift_y=&#8221;0&#8243; z_index=&#8221;0&#8243;][vc_column_inner width=&#8221;1\/2&#8243;][vc_single_image media=&#8221;67401&#8243; media_width_percent=&#8221;100&#8243; media_ratio=&#8221;sixteen-nine&#8221; media_link=&#8221;url:https%3A%2F%2Faret-engineering.com%2Fob-vans%2Fmilitary%2F|||&#8221;][\/vc_column_inner][vc_column_inner width=&#8221;1\/2&#8243;][vc_custom_heading separator=&#8221;yes&#8221;]<a id=\"obvans-military-police\" href=\"\/?page_id=66426\">OB Vans per Forze dell&#8217;Ordine e Militari<\/a>[\/vc_custom_heading][vc_column_text]OB Van per forze dell&#8217;ordine, enti militari, e corpi di sicurezza. Utilizzati principalmente per monitoraggio delle frontiere, sicurezza e controlli.[\/vc_column_text][\/vc_column_inner][\/vc_row_inner][\/vc_column][\/vc_row]<\/p>\n<\/div>","protected":false},"excerpt":{"rendered":"<p>[vc_row][vc_column][vc_column_text][\/vc_column_text][\/vc_column][\/vc_row][vc_row row_height_percent=&#8221;0&#8243; override_padding=&#8221;yes&#8221; h_padding=&#8221;2&#8243; top_padding=&#8221;5&#8243; bottom_padding=&#8221;5&#8243; back_image=&#8221;66246&#8243; parallax=&#8221;yes&#8221; overlay_color=&#8221;color-jevc&#8221; overlay_alpha=&#8221;75&#8243; gutter_size=&#8221;3&#8243; column_width_percent=&#8221;100&#8243; shift_y=&#8221;0&#8243; z_index=&#8221;0&#8243;][vc_column column_width_percent=&#8221;100&#8243; align_horizontal=&#8221;align_center&#8221; gutter_size=&#8221;3&#8243; overlay_alpha=&#8221;50&#8243; shift_x=&#8221;0&#8243; shift_y=&#8221;0&#8243; [&hellip;]<\/p>\n","protected":false},"author":4,"featured_media":0,"parent":0,"menu_order":0,"comment_status":"closed","ping_status":"closed","template":"","meta":{"_monsterinsights_skip_tracking":false,"_monsterinsights_sitenote_active":false,"_monsterinsights_sitenote_note":"","_monsterinsights_sitenote_category":0,"footnotes":""},"class_list":["post-67839","page","type-page","status-publish","hentry"],"yoast_head":"<!-- This site is optimized with the Yoast SEO plugin v24.6 - https:\/\/yoast.com\/wordpress\/plugins\/seo\/ -->\n<title>OB Vans - ARET<\/title>\n<meta name=\"robots\" content=\"index, follow, max-snippet:-1, max-image-preview:large, max-video-preview:-1\" \/>\n<link rel=\"canonical\" href=\"https:\/\/aret-engineering.com\/it\/ob-vans\/\" \/>\n<meta property=\"og:locale\" content=\"it_IT\" \/>\n<meta property=\"og:type\" content=\"article\" \/>\n<meta property=\"og:title\" content=\"OB Vans - ARET\" \/>\n<meta property=\"og:description\" content=\"[vc_row][vc_column][vc_column_text][\/vc_column_text][\/vc_column][\/vc_row][vc_row row_height_percent=&#8221;0&#8243; override_padding=&#8221;yes&#8221; h_padding=&#8221;2&#8243; top_padding=&#8221;5&#8243; bottom_padding=&#8221;5&#8243; back_image=&#8221;66246&#8243; parallax=&#8221;yes&#8221; overlay_color=&#8221;color-jevc&#8221; overlay_alpha=&#8221;75&#8243; gutter_size=&#8221;3&#8243; column_width_percent=&#8221;100&#8243; shift_y=&#8221;0&#8243; z_index=&#8221;0&#8243;][vc_column column_width_percent=&#8221;100&#8243; align_horizontal=&#8221;align_center&#8221; gutter_size=&#8221;3&#8243; overlay_alpha=&#8221;50&#8243; shift_x=&#8221;0&#8243; shift_y=&#8221;0&#8243; [&hellip;]\" \/>\n<meta property=\"og:url\" content=\"https:\/\/aret-engineering.com\/it\/ob-vans\/\" \/>\n<meta property=\"og:site_name\" content=\"ARET\" \/>\n<meta property=\"article:modified_time\" content=\"2023-06-13T09:29:18+00:00\" \/>\n<meta name=\"twitter:card\" content=\"summary_large_image\" \/>\n<meta name=\"twitter:label1\" content=\"Tempo di lettura stimato\" \/>\n\t<meta name=\"twitter:data1\" content=\"3 minuti\" \/>\n<script type=\"application\/ld+json\" class=\"yoast-schema-graph\">{\"@context\":\"https:\/\/schema.org\",\"@graph\":[{\"@type\":\"WebPage\",\"@id\":\"https:\/\/aret-engineering.com\/it\/ob-vans\/\",\"url\":\"https:\/\/aret-engineering.com\/it\/ob-vans\/\",\"name\":\"OB Vans - ARET\",\"isPartOf\":{\"@id\":\"https:\/\/aret-engineering.com\/#website\"},\"datePublished\":\"2017-11-22T20:35:23+00:00\",\"dateModified\":\"2023-06-13T09:29:18+00:00\",\"breadcrumb\":{\"@id\":\"https:\/\/aret-engineering.com\/it\/ob-vans\/#breadcrumb\"},\"inLanguage\":\"it-IT\",\"potentialAction\":[{\"@type\":\"ReadAction\",\"target\":[\"https:\/\/aret-engineering.com\/it\/ob-vans\/\"]}]},{\"@type\":\"BreadcrumbList\",\"@id\":\"https:\/\/aret-engineering.com\/it\/ob-vans\/#breadcrumb\",\"itemListElement\":[{\"@type\":\"ListItem\",\"position\":1,\"name\":\"Home\",\"item\":\"https:\/\/aret-engineering.com\/it\/\"},{\"@type\":\"ListItem\",\"position\":2,\"name\":\"OB Vans\"}]},{\"@type\":\"WebSite\",\"@id\":\"https:\/\/aret-engineering.com\/#website\",\"url\":\"https:\/\/aret-engineering.com\/\",\"name\":\"ARET\",\"description\":\"\",\"publisher\":{\"@id\":\"https:\/\/aret-engineering.com\/#organization\"},\"potentialAction\":[{\"@type\":\"SearchAction\",\"target\":{\"@type\":\"EntryPoint\",\"urlTemplate\":\"https:\/\/aret-engineering.com\/?s={search_term_string}\"},\"query-input\":{\"@type\":\"PropertyValueSpecification\",\"valueRequired\":true,\"valueName\":\"search_term_string\"}}],\"inLanguage\":\"it-IT\"},{\"@type\":\"Organization\",\"@id\":\"https:\/\/aret-engineering.com\/#organization\",\"name\":\"ARET video and audio engineering s.r.l.\",\"url\":\"https:\/\/aret-engineering.com\/\",\"logo\":{\"@type\":\"ImageObject\",\"inLanguage\":\"it-IT\",\"@id\":\"https:\/\/aret-engineering.com\/#\/schema\/logo\/image\/\",\"url\":\"https:\/\/aret-engineering.com\/wp-content\/uploads\/2017\/11\/Logo-completo-blu-e-giallo-e-grigio.png\",\"contentUrl\":\"https:\/\/aret-engineering.com\/wp-content\/uploads\/2017\/11\/Logo-completo-blu-e-giallo-e-grigio.png\",\"width\":1920,\"height\":737,\"caption\":\"ARET video and audio engineering s.r.l.\"},\"image\":{\"@id\":\"https:\/\/aret-engineering.com\/#\/schema\/logo\/image\/\"},\"sameAs\":[\"https:\/\/www.linkedin.com\/company\/aretengineering\",\"https:\/\/www.youtube.com\/aretengineering\"]}]}<\/script>\n<!-- \/ Yoast SEO plugin. -->","yoast_head_json":{"title":"OB Vans - ARET","robots":{"index":"index","follow":"follow","max-snippet":"max-snippet:-1","max-image-preview":"max-image-preview:large","max-video-preview":"max-video-preview:-1"},"canonical":"https:\/\/aret-engineering.com\/it\/ob-vans\/","og_locale":"it_IT","og_type":"article","og_title":"OB Vans - ARET","og_description":"[vc_row][vc_column][vc_column_text][\/vc_column_text][\/vc_column][\/vc_row][vc_row row_height_percent=&#8221;0&#8243; override_padding=&#8221;yes&#8221; h_padding=&#8221;2&#8243; top_padding=&#8221;5&#8243; bottom_padding=&#8221;5&#8243; back_image=&#8221;66246&#8243; parallax=&#8221;yes&#8221; overlay_color=&#8221;color-jevc&#8221; overlay_alpha=&#8221;75&#8243; gutter_size=&#8221;3&#8243; column_width_percent=&#8221;100&#8243; shift_y=&#8221;0&#8243; z_index=&#8221;0&#8243;][vc_column column_width_percent=&#8221;100&#8243; align_horizontal=&#8221;align_center&#8221; gutter_size=&#8221;3&#8243; overlay_alpha=&#8221;50&#8243; shift_x=&#8221;0&#8243; shift_y=&#8221;0&#8243; [&hellip;]","og_url":"https:\/\/aret-engineering.com\/it\/ob-vans\/","og_site_name":"ARET","article_modified_time":"2023-06-13T09:29:18+00:00","twitter_card":"summary_large_image","twitter_misc":{"Tempo di lettura stimato":"3 minuti"},"schema":{"@context":"https:\/\/schema.org","@graph":[{"@type":"WebPage","@id":"https:\/\/aret-engineering.com\/it\/ob-vans\/","url":"https:\/\/aret-engineering.com\/it\/ob-vans\/","name":"OB Vans - ARET","isPartOf":{"@id":"https:\/\/aret-engineering.com\/#website"},"datePublished":"2017-11-22T20:35:23+00:00","dateModified":"2023-06-13T09:29:18+00:00","breadcrumb":{"@id":"https:\/\/aret-engineering.com\/it\/ob-vans\/#breadcrumb"},"inLanguage":"it-IT","potentialAction":[{"@type":"ReadAction","target":["https:\/\/aret-engineering.com\/it\/ob-vans\/"]}]},{"@type":"BreadcrumbList","@id":"https:\/\/aret-engineering.com\/it\/ob-vans\/#breadcrumb","itemListElement":[{"@type":"ListItem","position":1,"name":"Home","item":"https:\/\/aret-engineering.com\/it\/"},{"@type":"ListItem","position":2,"name":"OB Vans"}]},{"@type":"WebSite","@id":"https:\/\/aret-engineering.com\/#website","url":"https:\/\/aret-engineering.com\/","name":"ARET","description":"","publisher":{"@id":"https:\/\/aret-engineering.com\/#organization"},"potentialAction":[{"@type":"SearchAction","target":{"@type":"EntryPoint","urlTemplate":"https:\/\/aret-engineering.com\/?s={search_term_string}"},"query-input":{"@type":"PropertyValueSpecification","valueRequired":true,"valueName":"search_term_string"}}],"inLanguage":"it-IT"},{"@type":"Organization","@id":"https:\/\/aret-engineering.com\/#organization","name":"ARET video and audio engineering s.r.l.","url":"https:\/\/aret-engineering.com\/","logo":{"@type":"ImageObject","inLanguage":"it-IT","@id":"https:\/\/aret-engineering.com\/#\/schema\/logo\/image\/","url":"https:\/\/aret-engineering.com\/wp-content\/uploads\/2017\/11\/Logo-completo-blu-e-giallo-e-grigio.png","contentUrl":"https:\/\/aret-engineering.com\/wp-content\/uploads\/2017\/11\/Logo-completo-blu-e-giallo-e-grigio.png","width":1920,"height":737,"caption":"ARET video and audio engineering s.r.l."},"image":{"@id":"https:\/\/aret-engineering.com\/#\/schema\/logo\/image\/"},"sameAs":["https:\/\/www.linkedin.com\/company\/aretengineering","https:\/\/www.youtube.com\/aretengineering"]}]}},"_links":{"self":[{"href":"https:\/\/aret-engineering.com\/it\/wp-json\/wp\/v2\/pages\/67839","targetHints":{"allow":["GET"]}}],"collection":[{"href":"https:\/\/aret-engineering.com\/it\/wp-json\/wp\/v2\/pages"}],"about":[{"href":"https:\/\/aret-engineering.com\/it\/wp-json\/wp\/v2\/types\/page"}],"author":[{"embeddable":true,"href":"https:\/\/aret-engineering.com\/it\/wp-json\/wp\/v2\/users\/4"}],"replies":[{"embeddable":true,"href":"https:\/\/aret-engineering.com\/it\/wp-json\/wp\/v2\/comments?post=67839"}],"version-history":[{"count":13,"href":"https:\/\/aret-engineering.com\/it\/wp-json\/wp\/v2\/pages\/67839\/revisions"}],"predecessor-version":[{"id":71275,"href":"https:\/\/aret-engineering.com\/it\/wp-json\/wp\/v2\/pages\/67839\/revisions\/71275"}],"wp:attachment":[{"href":"https:\/\/aret-engineering.com\/it\/wp-json\/wp\/v2\/media?parent=67839"}],"curies":[{"name":"wp","href":"https:\/\/api.w.org\/{rel}","templated":true}]}}